{"id":181,"date":"2020-11-17T10:58:54","date_gmt":"2020-11-17T15:58:54","guid":{"rendered":"http:\/\/ambiance-aylmer.ca\/accueil\/"},"modified":"2025-10-14T10:31:33","modified_gmt":"2025-10-14T14:31:33","slug":"accueil","status":"publish","type":"page","link":"https:\/\/ambiance-aylmer.ca\/en\/","title":{"rendered":"Home"},"content":{"rendered":"","protected":false},"excerpt":{"rendered":"","protected":false},"author":1,"featured_media":0,"parent":0,"menu_order":0,"comment_status":"closed","ping_status":"closed","template":"","meta":{"_acf_changed":false,"footnotes":""},"class_list":["post-181","page","type-page","status-publish","hentry"],"acf":[],"yoast_head":"<!-- This site is optimized with the Yoast SEO plugin v25.3 - https:\/\/yoast.com\/wordpress\/plugins\/seo\/ -->\n<title>Home - L&#039;Ambiance<\/title>\n<meta name=\"robots\" content=\"index, follow, max-snippet:-1, max-image-preview:large, max-video-preview:-1\" \/>\n<link rel=\"canonical\" href=\"https:\/\/ambiance-aylmer.ca\/en\/\" \/>\n<meta property=\"og:locale\" content=\"en_US\" \/>\n<meta property=\"og:type\" content=\"article\" \/>\n<meta property=\"og:title\" content=\"Home - L&#039;Ambiance\" \/>\n<meta property=\"og:url\" content=\"https:\/\/ambiance-aylmer.ca\/en\/\" \/>\n<meta property=\"og:site_name\" content=\"L&#039;Ambiance\" \/>\n<meta property=\"article:modified_time\" content=\"2025-10-14T14:31:33+00:00\" \/>\n<meta name=\"twitter:card\" content=\"summary_large_image\" \/>\n<script type=\"application\/ld+json\" class=\"yoast-schema-graph\">{\"@context\":\"https:\/\/schema.org\",\"@graph\":[{\"@type\":\"WebPage\",\"@id\":\"https:\/\/ambiance-aylmer.ca\/en\/\",\"url\":\"https:\/\/ambiance-aylmer.ca\/en\/\",\"name\":\"Home - L&#039;Ambiance\",\"isPartOf\":{\"@id\":\"https:\/\/ambiance-aylmer.ca\/#website\"},\"datePublished\":\"2020-11-17T15:58:54+00:00\",\"dateModified\":\"2025-10-14T14:31:33+00:00\",\"breadcrumb\":{\"@id\":\"https:\/\/ambiance-aylmer.ca\/en\/#breadcrumb\"},\"inLanguage\":\"en-US\",\"potentialAction\":[{\"@type\":\"ReadAction\",\"target\":[\"https:\/\/ambiance-aylmer.ca\/en\/\"]}]},{\"@type\":\"BreadcrumbList\",\"@id\":\"https:\/\/ambiance-aylmer.ca\/en\/#breadcrumb\",\"itemListElement\":[{\"@type\":\"ListItem\",\"position\":1,\"name\":\"Accueil\",\"item\":\"https:\/\/ambiance-aylmer.ca\/en\/\"},{\"@type\":\"ListItem\",\"position\":2,\"name\":\"Home\"}]},{\"@type\":\"WebSite\",\"@id\":\"https:\/\/ambiance-aylmer.ca\/#website\",\"url\":\"https:\/\/ambiance-aylmer.ca\/\",\"name\":\"L&#039;Ambiance\",\"description\":\"Go\u00fbtez \u00e0 la s\u00e9r\u00e9nit\u00e9 avec votre nouvel appartement sign\u00e9 L&#039;Ambiance\",\"potentialAction\":[{\"@type\":\"SearchAction\",\"target\":{\"@type\":\"EntryPoint\",\"urlTemplate\":\"https:\/\/ambiance-aylmer.ca\/?s={search_term_string}\"},\"query-input\":{\"@type\":\"PropertyValueSpecification\",\"valueRequired\":true,\"valueName\":\"search_term_string\"}}],\"inLanguage\":\"en-US\"}]}<\/script>\n<!-- \/ Yoast SEO plugin. -->","yoast_head_json":{"title":"Home - L&#039;Ambiance","robots":{"index":"index","follow":"follow","max-snippet":"max-snippet:-1","max-image-preview":"max-image-preview:large","max-video-preview":"max-video-preview:-1"},"canonical":"https:\/\/ambiance-aylmer.ca\/en\/","og_locale":"en_US","og_type":"article","og_title":"Home - L&#039;Ambiance","og_url":"https:\/\/ambiance-aylmer.ca\/en\/","og_site_name":"L&#039;Ambiance","article_modified_time":"2025-10-14T14:31:33+00:00","twitter_card":"summary_large_image","schema":{"@context":"https:\/\/schema.org","@graph":[{"@type":"WebPage","@id":"https:\/\/ambiance-aylmer.ca\/en\/","url":"https:\/\/ambiance-aylmer.ca\/en\/","name":"Home - L&#039;Ambiance","isPartOf":{"@id":"https:\/\/ambiance-aylmer.ca\/#website"},"datePublished":"2020-11-17T15:58:54+00:00","dateModified":"2025-10-14T14:31:33+00:00","breadcrumb":{"@id":"https:\/\/ambiance-aylmer.ca\/en\/#breadcrumb"},"inLanguage":"en-US","potentialAction":[{"@type":"ReadAction","target":["https:\/\/ambiance-aylmer.ca\/en\/"]}]},{"@type":"BreadcrumbList","@id":"https:\/\/ambiance-aylmer.ca\/en\/#breadcrumb","itemListElement":[{"@type":"ListItem","position":1,"name":"Accueil","item":"https:\/\/ambiance-aylmer.ca\/en\/"},{"@type":"ListItem","position":2,"name":"Home"}]},{"@type":"WebSite","@id":"https:\/\/ambiance-aylmer.ca\/#website","url":"https:\/\/ambiance-aylmer.ca\/","name":"L&#039;Ambiance","description":"Go\u00fbtez \u00e0 la s\u00e9r\u00e9nit\u00e9 avec votre nouvel appartement sign\u00e9 L&#039;Ambiance","potentialAction":[{"@type":"SearchAction","target":{"@type":"EntryPoint","urlTemplate":"https:\/\/ambiance-aylmer.ca\/?s={search_term_string}"},"query-input":{"@type":"PropertyValueSpecification","valueRequired":true,"valueName":"search_term_string"}}],"inLanguage":"en-US"}]}},"_links":{"self":[{"href":"https:\/\/ambiance-aylmer.ca\/en\/wp-json\/wp\/v2\/pages\/181","targetHints":{"allow":["GET"]}}],"collection":[{"href":"https:\/\/ambiance-aylmer.ca\/en\/wp-json\/wp\/v2\/pages"}],"about":[{"href":"https:\/\/ambiance-aylmer.ca\/en\/wp-json\/wp\/v2\/types\/page"}],"author":[{"embeddable":true,"href":"https:\/\/ambiance-aylmer.ca\/en\/wp-json\/wp\/v2\/users\/1"}],"replies":[{"embeddable":true,"href":"https:\/\/ambiance-aylmer.ca\/en\/wp-json\/wp\/v2\/comments?post=181"}],"version-history":[{"count":24,"href":"https:\/\/ambiance-aylmer.ca\/en\/wp-json\/wp\/v2\/pages\/181\/revisions"}],"predecessor-version":[{"id":1163,"href":"https:\/\/ambiance-aylmer.ca\/en\/wp-json\/wp\/v2\/pages\/181\/revisions\/1163"}],"wp:attachment":[{"href":"https:\/\/ambiance-aylmer.ca\/en\/wp-json\/wp\/v2\/media?parent=181"}],"curies":[{"name":"wp","href":"https:\/\/api.w.org\/{rel}","templated":true}]}}